{"id":3345,"date":"2025-09-13T20:46:28","date_gmt":"2025-09-13T13:46:28","guid":{"rendered":"https:\/\/worldexport.com.vn\/?post_type=product&#038;p=3345"},"modified":"2026-01-06T09:57:56","modified_gmt":"2026-01-06T02:57:56","slug":"tinh-bot-san-chat-luong-cao","status":"publish","type":"product","link":"https:\/\/worldexport.com.vn\/vi\/san-pham\/san-pham-khac\/tinh-bot-san-3\/tinh-bot-san-chat-luong-cao\/","title":{"rendered":"Tinh b\u1ed9t s\u1eafn"},"content":{"rendered":"<p><span style=\"font-weight: 400;\">Tinh b\u1ed9t s\u1eafn l\u00e0 lo\u1ea1i carbohydrate \u0111a d\u1ee5ng \u0111\u01b0\u1ee3c chi\u1ebft xu\u1ea5t t\u1eeb c\u1ee7 s\u1eafn. Nh\u1edd \u0111\u1ed9 tinh khi\u1ebft cao, kh\u1ea3 n\u0103ng k\u1ebft d\u00ednh t\u1ef1 nhi\u00ean v\u00e0 \u0111\u1eb7c t\u00ednh t\u1ea1o \u0111\u1ed9 s\u1ec7t t\u1ed1t, s\u1ea3n ph\u1ea9m l\u00e0 nguy\u00ean li\u1ec7u quan tr\u1ecdng, \u0111\u01b0\u1ee3c \u1ee9ng d\u1ee5ng r\u1ed9ng r\u00e3i trong nhi\u1ec1u l\u0129nh v\u1ef1c c\u00f4ng nghi\u1ec7p, s\u1ea3n xu\u1ea5t v\u00e0 ch\u1ebf bi\u1ebfn th\u1ef1c ph\u1ea9m.<\/span><\/p>\n<p> <\/p>\n<p> <\/p>","protected":false},"excerpt":{"rendered":"<p>H\u00e0m l\u01b0\u1ee3ng tinh b\u1ed9t: T\u1ed1i thi\u1ec3u 85%<br \/>\n\u0110\u1ed9 \u1ea9m: T\u1ed1i \u0111a 13%<br \/>\n\u0110\u1ed9 tr\u1eafng: T\u1ed1i thi\u1ec3u 90%<br \/>\n\u0110\u1ed9 nh\u1edbt: T\u1ed1i thi\u1ec3u 650 BU<br \/>\nH\u00e0m l\u01b0\u1ee3ng SO\u2082: T\u1ed1i \u0111a 30 ppm<br \/>\n\u0110\u1ed9 pH: 5 \u2013 7<br \/>\nTro: T\u1ed1i \u0111a 0.2%<\/p>","protected":false},"featured_media":7806,"comment_status":"open","ping_status":"closed","template":"","meta":{"_acf_changed":false},"applications":[],"product_brand":[],"product_cat":[53,17],"product_tag":[],"class_list":{"0":"post-3345","1":"product","2":"type-product","3":"status-publish","4":"has-post-thumbnail","6":"product_cat-tapioca-starch","7":"product_cat-non-wood","9":"first","10":"instock","11":"shipping-taxable","12":"product-type-simple"},"acf":[],"_links":{"self":[{"href":"https:\/\/worldexport.com.vn\/vi\/wp-json\/wp\/v2\/product\/3345","targetHints":{"allow":["GET"]}}],"collection":[{"href":"https:\/\/worldexport.com.vn\/vi\/wp-json\/wp\/v2\/product"}],"about":[{"href":"https:\/\/worldexport.com.vn\/vi\/wp-json\/wp\/v2\/types\/product"}],"replies":[{"embeddable":true,"href":"https:\/\/worldexport.com.vn\/vi\/wp-json\/wp\/v2\/comments?post=3345"}],"wp:featuredmedia":[{"embeddable":true,"href":"https:\/\/worldexport.com.vn\/vi\/wp-json\/wp\/v2\/media\/7806"}],"wp:attachment":[{"href":"https:\/\/worldexport.com.vn\/vi\/wp-json\/wp\/v2\/media?parent=3345"}],"wp:term":[{"taxonomy":"applications","embeddable":true,"href":"https:\/\/worldexport.com.vn\/vi\/wp-json\/wp\/v2\/applications?post=3345"},{"taxonomy":"product_brand","embeddable":true,"href":"https:\/\/worldexport.com.vn\/vi\/wp-json\/wp\/v2\/product_brand?post=3345"},{"taxonomy":"product_cat","embeddable":true,"href":"https:\/\/worldexport.com.vn\/vi\/wp-json\/wp\/v2\/product_cat?post=3345"},{"taxonomy":"product_tag","embeddable":true,"href":"https:\/\/worldexport.com.vn\/vi\/wp-json\/wp\/v2\/product_tag?post=3345"}],"curies":[{"name":"trang web","href":"https:\/\/api.w.org\/{rel}","templated":true}]}}