{"id":3344,"date":"2025-09-13T20:45:06","date_gmt":"2025-09-13T13:45:06","guid":{"rendered":"https:\/\/worldexport.com.vn\/?post_type=product&#038;p=3344"},"modified":"2026-01-22T12:01:53","modified_gmt":"2026-01-22T05:01:53","slug":"banh-than-go-chat-luong-cao","status":"publish","type":"product","link":"https:\/\/worldexport.com.vn\/vi\/san-pham\/go\/banh-than-go\/banh-than-go-chat-luong-cao\/","title":{"rendered":"B\u00e1nh than g\u1ed7"},"content":{"rendered":"<p>B\u00e1nh than g\u1ed7 l\u00e0 nhi\u00ean li\u1ec7u d\u1ea1ng kh\u1ed1i n\u00e9n, c\u00f3 k\u00edch th\u01b0\u1edbc \u0111\u1ed3ng \u0111\u1ec1u, \u0111\u01b0\u1ee3c s\u1ea3n xu\u1ea5t t\u1eeb h\u1ed7n h\u1ee3p g\u1ed7 th\u00f4ng, g\u1ed7 cao su v\u00e0 g\u1ed7 keo \u00e9p ch\u1eb7t. S\u1ea3n ph\u1ea9m cho kh\u1ea3 n\u0103ng ch\u00e1y s\u1ea1ch, t\u1ecfa nhi\u1ec7t \u1ed5n \u0111\u1ecbnh v\u00e0 th\u1eddi gian s\u1eed d\u1ee5ng l\u00e2u, ph\u00f9 h\u1ee3p cho nhi\u1ec1u m\u1ee5c \u0111\u00edch kh\u00e1c nhau trong c\u1ea3 l\u0129nh v\u1ef1c c\u00f4ng nghi\u1ec7p v\u00e0 d\u00e2n d\u1ee5ng.<\/p>","protected":false},"excerpt":{"rendered":"<p>Lo\u1ea1i g\u1ed7: Th\u00f4ng, cao su v\u00e0 keo<br \/>\nK\u00edch th\u01b0\u1edbc: 15 \u00d7 6 \u00d7 9 cm<br \/>\n\u0110\u1ed9 \u1ea9m: T\u1ed1i \u0111a 10%<br \/>\nAsh: Max 1%<br \/>\nGi\u00e1 tr\u1ecb nhi\u1ec7t thu\u1ea7n: T\u1ed1i thi\u1ec3u 3.900 kcal\/kg<br \/>\nKh\u1ed1i l\u01b0\u1ee3ng ri\u00eang: T\u1ed1i thi\u1ec3u 900 kg\/m\u00b3<\/p>","protected":false},"featured_media":7794,"comment_status":"open","ping_status":"closed","template":"","meta":{"_acf_changed":false},"applications":[],"product_brand":[],"product_cat":[52,15],"product_tag":[],"class_list":{"0":"post-3344","1":"product","2":"type-product","3":"status-publish","4":"has-post-thumbnail","6":"product_cat-wood-briquette","7":"product_cat-wood","9":"first","10":"instock","11":"shipping-taxable","12":"product-type-simple"},"acf":[],"_links":{"self":[{"href":"https:\/\/worldexport.com.vn\/vi\/wp-json\/wp\/v2\/product\/3344","targetHints":{"allow":["GET"]}}],"collection":[{"href":"https:\/\/worldexport.com.vn\/vi\/wp-json\/wp\/v2\/product"}],"about":[{"href":"https:\/\/worldexport.com.vn\/vi\/wp-json\/wp\/v2\/types\/product"}],"replies":[{"embeddable":true,"href":"https:\/\/worldexport.com.vn\/vi\/wp-json\/wp\/v2\/comments?post=3344"}],"wp:featuredmedia":[{"embeddable":true,"href":"https:\/\/worldexport.com.vn\/vi\/wp-json\/wp\/v2\/media\/7794"}],"wp:attachment":[{"href":"https:\/\/worldexport.com.vn\/vi\/wp-json\/wp\/v2\/media?parent=3344"}],"wp:term":[{"taxonomy":"applications","embeddable":true,"href":"https:\/\/worldexport.com.vn\/vi\/wp-json\/wp\/v2\/applications?post=3344"},{"taxonomy":"product_brand","embeddable":true,"href":"https:\/\/worldexport.com.vn\/vi\/wp-json\/wp\/v2\/product_brand?post=3344"},{"taxonomy":"product_cat","embeddable":true,"href":"https:\/\/worldexport.com.vn\/vi\/wp-json\/wp\/v2\/product_cat?post=3344"},{"taxonomy":"product_tag","embeddable":true,"href":"https:\/\/worldexport.com.vn\/vi\/wp-json\/wp\/v2\/product_tag?post=3344"}],"curies":[{"name":"trang web","href":"https:\/\/api.w.org\/{rel}","templated":true}]}}