{"id":3343,"date":"2025-09-13T20:42:30","date_gmt":"2025-09-13T13:42:30","guid":{"rendered":"https:\/\/worldexport.com.vn\/?post_type=product&#038;p=3343"},"modified":"2025-12-29T10:52:28","modified_gmt":"2025-12-29T03:52:28","slug":"dam-go-chat-luong-cao","status":"publish","type":"product","link":"https:\/\/worldexport.com.vn\/vi\/san-pham\/go\/dam-go\/dam-go-chat-luong-cao\/","title":{"rendered":"D\u0103m g\u1ed7"},"content":{"rendered":"<p><span style=\"font-weight: 400;\">D\u0103m g\u1ed7 l\u00e0 m\u1ed9t lo\u1ea1i v\u1eadt li\u1ec7u th\u00f4, \u0111a n\u0103ng \u0111\u01b0\u1ee3c s\u1ea3n xu\u1ea5t t\u1eeb g\u1ed7 keo ho\u1eb7c b\u1ea1ch \u0111\u00e0n. K\u00edch th\u01b0\u1edbc \u0111\u1ed3ng \u0111\u1ec1u v\u00e0 th\u00e0nh ph\u1ea7n t\u1ef1 nhi\u00ean c\u1ee7a ch\u00fang khi\u1ebfn ch\u00fang tr\u1edf th\u00e0nh nguy\u00ean li\u1ec7u th\u00f4 hi\u1ec7u qu\u1ea3 v\u00e0 ti\u1ebft ki\u1ec7m chi ph\u00ed, \u0111\u01b0\u1ee3c s\u1eed d\u1ee5ng r\u1ed9ng r\u00e3i trong c\u00e1c \u1ee9ng d\u1ee5ng s\u01b0\u1edfi \u1ea5m c\u00f4ng nghi\u1ec7p, s\u1ea3n xu\u1ea5t b\u1ed9t gi\u1ea5y v\u00e0 c\u1ea3i thi\u1ec7n \u0111\u1ea5t n\u00f4ng nghi\u1ec7p.<\/span><\/p>","protected":false},"excerpt":{"rendered":"<p>Lo\u1ea1i g\u1ed7: G\u1ed7 keo ho\u1eb7c g\u1ed7 b\u1ea1ch \u0111\u00e0n<br \/>\nK\u00edch th\u01b0\u1edbc: 1 \u2013 4,5 cm<br \/>\nH\u00e0m l\u01b0\u1ee3ng g\u1ed7 m\u1ee5c v\u00e0 v\u1ecf c\u00e2y: T\u1ed1i \u0111a 3%<br \/>\n\u0110\u1ed9 \u1ea9m: T\u1ed1i \u0111a 15%<\/p>","protected":false},"featured_media":7786,"comment_status":"open","ping_status":"closed","template":"","meta":{"_acf_changed":false},"applications":[],"product_brand":[],"product_cat":[51,15],"product_tag":[],"class_list":{"0":"post-3343","1":"product","2":"type-product","3":"status-publish","4":"has-post-thumbnail","6":"product_cat-wood-chip","7":"product_cat-wood","9":"first","10":"instock","11":"shipping-taxable","12":"product-type-simple"},"acf":[],"_links":{"self":[{"href":"https:\/\/worldexport.com.vn\/vi\/wp-json\/wp\/v2\/product\/3343","targetHints":{"allow":["GET"]}}],"collection":[{"href":"https:\/\/worldexport.com.vn\/vi\/wp-json\/wp\/v2\/product"}],"about":[{"href":"https:\/\/worldexport.com.vn\/vi\/wp-json\/wp\/v2\/types\/product"}],"replies":[{"embeddable":true,"href":"https:\/\/worldexport.com.vn\/vi\/wp-json\/wp\/v2\/comments?post=3343"}],"wp:featuredmedia":[{"embeddable":true,"href":"https:\/\/worldexport.com.vn\/vi\/wp-json\/wp\/v2\/media\/7786"}],"wp:attachment":[{"href":"https:\/\/worldexport.com.vn\/vi\/wp-json\/wp\/v2\/media?parent=3343"}],"wp:term":[{"taxonomy":"applications","embeddable":true,"href":"https:\/\/worldexport.com.vn\/vi\/wp-json\/wp\/v2\/applications?post=3343"},{"taxonomy":"product_brand","embeddable":true,"href":"https:\/\/worldexport.com.vn\/vi\/wp-json\/wp\/v2\/product_brand?post=3343"},{"taxonomy":"product_cat","embeddable":true,"href":"https:\/\/worldexport.com.vn\/vi\/wp-json\/wp\/v2\/product_cat?post=3343"},{"taxonomy":"product_tag","embeddable":true,"href":"https:\/\/worldexport.com.vn\/vi\/wp-json\/wp\/v2\/product_tag?post=3343"}],"curies":[{"name":"trang web","href":"https:\/\/api.w.org\/{rel}","templated":true}]}}