{"id":3340,"date":"2025-09-13T20:36:39","date_gmt":"2025-09-13T13:36:39","guid":{"rendered":"https:\/\/worldexport.com.vn\/?post_type=product&#038;p=3340"},"modified":"2026-01-22T12:05:19","modified_gmt":"2026-01-22T05:05:19","slug":"mun-cua-go-keo","status":"publish","type":"product","link":"https:\/\/worldexport.com.vn\/vi\/san-pham\/go\/mun-cua-go\/mun-cua-go-keo\/","title":{"rendered":"M\u00f9n c\u01b0a g\u1ed7 keo"},"content":{"rendered":"<p><span style=\"font-weight: 400;\">M\u00f9n c\u01b0a g\u1ed7 keo l\u00e0 v\u1eadt li\u1ec7u \u0111\u01b0\u1ee3c s\u1ea3n xu\u1ea5t t\u1eeb 100% g\u1ed7 keo t\u1ef1 nhi\u00ean. Nh\u1edd \u0111\u1ed9 b\u1ec1n v\u00e0 t\u00ednh \u1ed5n \u0111\u1ecbnh cao, s\u1ea3n ph\u1ea9m l\u00e0 gi\u1ea3i ph\u00e1p nguy\u00ean li\u1ec7u \u0111\u00e1ng tin c\u1eady, ti\u1ebft ki\u1ec7m chi ph\u00ed cho l\u00f3t chu\u1ed3ng ch\u0103n nu\u00f4i v\u00e0 canh t\u00e1c n\u00f4ng nghi\u1ec7p.<\/span><\/p>","protected":false},"excerpt":{"rendered":"<p>Lo\u1ea1i g\u1ed7: 100% Acacia<br \/>\nK\u00edch th\u01b0\u1edbc: 1 \u2013 5 mm<br \/>\n\u0110\u1ed9 \u1ea9m: T\u1ed1i \u0111a 12%<br \/>\nH\u1ea1t m\u1ecbn: T\u1ed1i \u0111a 2%<br \/>\nT\u1ea1p ch\u1ea5t: T\u1ed1i \u0111a 0,5%<br \/>\nM\u00e0u s\u1eafc: N\u00e2u<\/p>","protected":false},"featured_media":7752,"comment_status":"open","ping_status":"closed","template":"","meta":{"_acf_changed":false},"applications":[],"product_brand":[],"product_cat":[49,15],"product_tag":[],"class_list":{"0":"post-3340","1":"product","2":"type-product","3":"status-publish","4":"has-post-thumbnail","6":"product_cat-wood-sawdust","7":"product_cat-wood","9":"first","10":"instock","11":"shipping-taxable","12":"product-type-simple"},"acf":[],"_links":{"self":[{"href":"https:\/\/worldexport.com.vn\/vi\/wp-json\/wp\/v2\/product\/3340","targetHints":{"allow":["GET"]}}],"collection":[{"href":"https:\/\/worldexport.com.vn\/vi\/wp-json\/wp\/v2\/product"}],"about":[{"href":"https:\/\/worldexport.com.vn\/vi\/wp-json\/wp\/v2\/types\/product"}],"replies":[{"embeddable":true,"href":"https:\/\/worldexport.com.vn\/vi\/wp-json\/wp\/v2\/comments?post=3340"}],"wp:featuredmedia":[{"embeddable":true,"href":"https:\/\/worldexport.com.vn\/vi\/wp-json\/wp\/v2\/media\/7752"}],"wp:attachment":[{"href":"https:\/\/worldexport.com.vn\/vi\/wp-json\/wp\/v2\/media?parent=3340"}],"wp:term":[{"taxonomy":"applications","embeddable":true,"href":"https:\/\/worldexport.com.vn\/vi\/wp-json\/wp\/v2\/applications?post=3340"},{"taxonomy":"product_brand","embeddable":true,"href":"https:\/\/worldexport.com.vn\/vi\/wp-json\/wp\/v2\/product_brand?post=3340"},{"taxonomy":"product_cat","embeddable":true,"href":"https:\/\/worldexport.com.vn\/vi\/wp-json\/wp\/v2\/product_cat?post=3340"},{"taxonomy":"product_tag","embeddable":true,"href":"https:\/\/worldexport.com.vn\/vi\/wp-json\/wp\/v2\/product_tag?post=3340"}],"curies":[{"name":"trang web","href":"https:\/\/api.w.org\/{rel}","templated":true}]}}