{"id":3339,"date":"2025-09-13T20:34:59","date_gmt":"2025-09-13T13:34:59","guid":{"rendered":"https:\/\/worldexport.com.vn\/?post_type=product&#038;p=3339"},"modified":"2026-01-22T12:05:59","modified_gmt":"2026-01-22T05:05:59","slug":"mun-cua-go-thong","status":"publish","type":"product","link":"https:\/\/worldexport.com.vn\/vi\/san-pham\/go\/mun-cua-go\/mun-cua-go-thong\/","title":{"rendered":"M\u00f9n c\u01b0a g\u1ed7 th\u00f4ng"},"content":{"rendered":"<p><span style=\"font-weight: 400;\">M\u00f9n c\u01b0a g\u1ed7 th\u00f4ng l\u00e0 v\u1eadt li\u1ec7u m\u1ecbn c\u00f3 ngu\u1ed3n nguy\u00ean li\u1ec7u \u0111\u01a1n nh\u1ea5t, \u0111\u01b0\u1ee3c s\u1ea3n xu\u1ea5t t\u1eeb 100% g\u1ed7 th\u00f4ng t\u1ef1 nhi\u00ean. V\u1edbi k\u1ebft c\u1ea5u m\u1ec1m, m\u00f9i h\u01b0\u01a1ng th\u00f4ng t\u1ef1 nhi\u00ean v\u00e0 kh\u1ea3 n\u0103ng th\u1ea5m h\u00fat \u1ed5n \u0111\u1ecbnh, s\u1ea3n ph\u1ea9m ph\u00f9 h\u1ee3p l\u00e0m v\u1eadt li\u1ec7u l\u00f3t chu\u1ed3ng s\u1ea1ch s\u1ebd cho nhi\u1ec1u m\u00f4 h\u00ecnh ch\u0103n nu\u00f4i v\u00e0 trang tr\u1ea1i \u0111\u1ed9ng v\u1eadt.<\/span><span style=\"font-weight: 400;\"><br \/>\n<\/span><\/p>","protected":false},"excerpt":{"rendered":"<p>Lo\u1ea1i g\u1ed7: 100% Th\u00f4ng<br \/>\nK\u00edch th\u01b0\u1edbc: 1 \u2013 5 mm<br \/>\n\u0110\u1ed9 \u1ea9m: T\u1ed1i \u0111a 12%<br \/>\nH\u1ea1t m\u1ecbn: T\u1ed1i \u0111a 2%<br \/>\nT\u1ea1p ch\u1ea5t: T\u1ed1i \u0111a 0,5%<br \/>\nM\u00e0u s\u1eafc: S\u00e1ng<\/p>","protected":false},"featured_media":9070,"comment_status":"open","ping_status":"closed","template":"","meta":{"_acf_changed":false},"applications":[],"product_brand":[],"product_cat":[49,15],"product_tag":[],"class_list":{"0":"post-3339","1":"product","2":"type-product","3":"status-publish","4":"has-post-thumbnail","6":"product_cat-wood-sawdust","7":"product_cat-wood","9":"first","10":"instock","11":"shipping-taxable","12":"product-type-simple"},"acf":[],"_links":{"self":[{"href":"https:\/\/worldexport.com.vn\/vi\/wp-json\/wp\/v2\/product\/3339","targetHints":{"allow":["GET"]}}],"collection":[{"href":"https:\/\/worldexport.com.vn\/vi\/wp-json\/wp\/v2\/product"}],"about":[{"href":"https:\/\/worldexport.com.vn\/vi\/wp-json\/wp\/v2\/types\/product"}],"replies":[{"embeddable":true,"href":"https:\/\/worldexport.com.vn\/vi\/wp-json\/wp\/v2\/comments?post=3339"}],"wp:featuredmedia":[{"embeddable":true,"href":"https:\/\/worldexport.com.vn\/vi\/wp-json\/wp\/v2\/media\/9070"}],"wp:attachment":[{"href":"https:\/\/worldexport.com.vn\/vi\/wp-json\/wp\/v2\/media?parent=3339"}],"wp:term":[{"taxonomy":"applications","embeddable":true,"href":"https:\/\/worldexport.com.vn\/vi\/wp-json\/wp\/v2\/applications?post=3339"},{"taxonomy":"product_brand","embeddable":true,"href":"https:\/\/worldexport.com.vn\/vi\/wp-json\/wp\/v2\/product_brand?post=3339"},{"taxonomy":"product_cat","embeddable":true,"href":"https:\/\/worldexport.com.vn\/vi\/wp-json\/wp\/v2\/product_cat?post=3339"},{"taxonomy":"product_tag","embeddable":true,"href":"https:\/\/worldexport.com.vn\/vi\/wp-json\/wp\/v2\/product_tag?post=3339"}],"curies":[{"name":"trang web","href":"https:\/\/api.w.org\/{rel}","templated":true}]}}