{"id":3333,"date":"2025-09-13T20:28:19","date_gmt":"2025-09-13T13:28:19","guid":{"rendered":"https:\/\/worldexport.com.vn\/?post_type=product&#038;p=3333"},"modified":"2026-01-22T12:06:33","modified_gmt":"2026-01-22T05:06:33","slug":"mun-cua-go-hon-hop","status":"publish","type":"product","link":"https:\/\/worldexport.com.vn\/vi\/san-pham\/go\/mun-cua-go\/mun-cua-go-hon-hop\/","title":{"rendered":"M\u00f9n c\u01b0a g\u1ed7 h\u1ed7n h\u1ee3p"},"content":{"rendered":"<p><span style=\"font-weight: 400;\">M\u00f9n c\u01b0a h\u1ed7n h\u1ee3p l\u00e0 m\u1ed9t lo\u1ea1i v\u1eadt li\u1ec7u m\u1ecbn, c\u00f3 kh\u1ea3 n\u0103ng th\u1ea5m h\u00fat cao, \u0111\u01b0\u1ee3c t\u1ea1o ra t\u1eeb h\u1ed7n h\u1ee3p g\u1ed7 th\u00f4ng v\u00e0 g\u1ed7 cao su. K\u1ebft c\u1ea5u v\u00e0 kh\u1ea3 n\u0103ng th\u1ea5m h\u00fat c\u1ee7a n\u00f3 l\u00e0m cho n\u00f3 tr\u1edf th\u00e0nh m\u1ed9t l\u1ef1a ch\u1ecdn ti\u1ebft ki\u1ec7m chi ph\u00ed cho nhi\u1ec1u \u1ee9ng d\u1ee5ng n\u00f4ng nghi\u1ec7p kh\u00e1c nhau, bao g\u1ed3m c\u1ea3 vi\u1ec7c l\u00e0m l\u1edbp l\u00f3t chu\u1ed3ng tr\u1ea1i h\u1ee3p v\u1ec7 sinh cho gia s\u00fac, c\u0169ng nh\u01b0 nhu c\u1ea7u canh t\u00e1c v\u00e0 tr\u1ed3ng tr\u1ecdt.<\/span><\/p>","protected":false},"excerpt":{"rendered":"<p>Lo\u1ea1i g\u1ed7: G\u1ed7 th\u00f4ng v\u00e0 g\u1ed7 cao su<br \/>\nK\u00edch th\u01b0\u1edbc: 1 \u2013 3 mm<br \/>\n\u0110\u1ed9 \u1ea9m: T\u1ed1i \u0111a 12%<br \/>\nH\u1ea1t m\u1ecbn: T\u1ed1i \u0111a 2%<br \/>\nT\u1ea1p ch\u1ea5t: T\u1ed1i \u0111a 0,5%<br \/>\nM\u00e0u s\u1eafc: S\u00e1ng<\/p>","protected":false},"featured_media":9071,"comment_status":"open","ping_status":"closed","template":"","meta":{"_acf_changed":false},"applications":[],"product_brand":[],"product_cat":[49,15],"product_tag":[],"class_list":{"0":"post-3333","1":"product","2":"type-product","3":"status-publish","4":"has-post-thumbnail","6":"product_cat-wood-sawdust","7":"product_cat-wood","9":"first","10":"instock","11":"shipping-taxable","12":"product-type-simple"},"acf":[],"_links":{"self":[{"href":"https:\/\/worldexport.com.vn\/vi\/wp-json\/wp\/v2\/product\/3333","targetHints":{"allow":["GET"]}}],"collection":[{"href":"https:\/\/worldexport.com.vn\/vi\/wp-json\/wp\/v2\/product"}],"about":[{"href":"https:\/\/worldexport.com.vn\/vi\/wp-json\/wp\/v2\/types\/product"}],"replies":[{"embeddable":true,"href":"https:\/\/worldexport.com.vn\/vi\/wp-json\/wp\/v2\/comments?post=3333"}],"wp:featuredmedia":[{"embeddable":true,"href":"https:\/\/worldexport.com.vn\/vi\/wp-json\/wp\/v2\/media\/9071"}],"wp:attachment":[{"href":"https:\/\/worldexport.com.vn\/vi\/wp-json\/wp\/v2\/media?parent=3333"}],"wp:term":[{"taxonomy":"applications","embeddable":true,"href":"https:\/\/worldexport.com.vn\/vi\/wp-json\/wp\/v2\/applications?post=3333"},{"taxonomy":"product_brand","embeddable":true,"href":"https:\/\/worldexport.com.vn\/vi\/wp-json\/wp\/v2\/product_brand?post=3333"},{"taxonomy":"product_cat","embeddable":true,"href":"https:\/\/worldexport.com.vn\/vi\/wp-json\/wp\/v2\/product_cat?post=3333"},{"taxonomy":"product_tag","embeddable":true,"href":"https:\/\/worldexport.com.vn\/vi\/wp-json\/wp\/v2\/product_tag?post=3333"}],"curies":[{"name":"trang web","href":"https:\/\/api.w.org\/{rel}","templated":true}]}}