{"id":3318,"date":"2025-09-13T17:16:00","date_gmt":"2025-09-13T10:16:00","guid":{"rendered":"https:\/\/worldexport.com.vn\/?post_type=product&#038;p=3318"},"modified":"2025-12-19T09:01:19","modified_gmt":"2025-12-19T02:01:19","slug":"dam-bao-go-thong","status":"publish","type":"product","link":"https:\/\/worldexport.com.vn\/vi\/san-pham\/go\/dam-bao-go\/dam-bao-go-thong\/","title":{"rendered":"D\u0103m b\u00e0o th\u00f4ng"},"content":{"rendered":"<p><span style=\"font-weight: 400;\">D\u0103m b\u00e0o g\u1ed7 th\u00f4ng l\u00e0 v\u1eadt li\u1ec7u l\u00f3t chu\u1ed3ng ch\u1ea5t l\u01b0\u1ee3ng cao, \u0111\u01b0\u1ee3c l\u00e0m t\u1eeb 100% g\u1ed7 th\u00f4ng t\u1ef1 nhi\u00ean. Nh\u1edd kh\u1ea3 n\u0103ng th\u1ea5m h\u00fat t\u1ed1t, m\u00f9i h\u01b0\u01a1ng th\u00f4ng d\u1ec5 ch\u1ecbu v\u00e0 h\u00e0m l\u01b0\u1ee3ng b\u1ee5i r\u1ea5t th\u1ea5p, s\u1ea3n ph\u1ea9m gi\u00fap t\u1ea1o m\u00f4i tr\u01b0\u1eddng s\u1ea1ch s\u1ebd, tho\u1ea3i m\u00e1i cho ng\u1ef1a v\u00e0 c\u00e1c lo\u1ea1i th\u00fa c\u01b0ng nh\u1ecf.<\/span><\/p>","protected":false},"excerpt":{"rendered":"<p>Lo\u1ea1i g\u1ed7: 100% Th\u00f4ng<br \/>\nK\u00edch th\u01b0\u1edbc: 1 \u2013 15 mm<br \/>\n\u0110\u1ed9 \u1ea9m: T\u1ed1i \u0111a 12%<br \/>\nH\u1ea1t m\u1ecbn: 0%<br \/>\nT\u1ea1p ch\u1ea5t: T\u1ed1i \u0111a 0,5%<br \/>\nM\u00e0u s\u1eafc: S\u00e1ng<\/p>","protected":false},"featured_media":9063,"comment_status":"open","ping_status":"closed","template":"","meta":{"_acf_changed":false},"applications":[40,42,43,46,44],"product_brand":[],"product_cat":[48,15],"product_tag":[],"class_list":{"0":"post-3318","1":"product","2":"type-product","3":"status-publish","4":"has-post-thumbnail","6":"applications-animal-bedding","7":"applications-cattle","8":"applications-horses","9":"applications-pets","10":"applications-poultry","11":"product_cat-wood-shavings","12":"product_cat-wood","14":"first","15":"instock","16":"shipping-taxable","17":"product-type-simple"},"acf":[],"_links":{"self":[{"href":"https:\/\/worldexport.com.vn\/vi\/wp-json\/wp\/v2\/product\/3318","targetHints":{"allow":["GET"]}}],"collection":[{"href":"https:\/\/worldexport.com.vn\/vi\/wp-json\/wp\/v2\/product"}],"about":[{"href":"https:\/\/worldexport.com.vn\/vi\/wp-json\/wp\/v2\/types\/product"}],"replies":[{"embeddable":true,"href":"https:\/\/worldexport.com.vn\/vi\/wp-json\/wp\/v2\/comments?post=3318"}],"wp:featuredmedia":[{"embeddable":true,"href":"https:\/\/worldexport.com.vn\/vi\/wp-json\/wp\/v2\/media\/9063"}],"wp:attachment":[{"href":"https:\/\/worldexport.com.vn\/vi\/wp-json\/wp\/v2\/media?parent=3318"}],"wp:term":[{"taxonomy":"applications","embeddable":true,"href":"https:\/\/worldexport.com.vn\/vi\/wp-json\/wp\/v2\/applications?post=3318"},{"taxonomy":"product_brand","embeddable":true,"href":"https:\/\/worldexport.com.vn\/vi\/wp-json\/wp\/v2\/product_brand?post=3318"},{"taxonomy":"product_cat","embeddable":true,"href":"https:\/\/worldexport.com.vn\/vi\/wp-json\/wp\/v2\/product_cat?post=3318"},{"taxonomy":"product_tag","embeddable":true,"href":"https:\/\/worldexport.com.vn\/vi\/wp-json\/wp\/v2\/product_tag?post=3318"}],"curies":[{"name":"trang web","href":"https:\/\/api.w.org\/{rel}","templated":true}]}}