{"id":3298,"date":"2025-09-13T16:51:42","date_gmt":"2025-09-13T09:51:42","guid":{"rendered":"https:\/\/worldexport.com.vn\/?post_type=product&#038;p=3298"},"modified":"2026-02-04T16:50:27","modified_gmt":"2026-02-04T09:50:27","slug":"vien-nen-go-thong","status":"publish","type":"product","link":"https:\/\/worldexport.com.vn\/vi\/san-pham\/go\/vien-nen\/vien-nen-go-thong\/","title":{"rendered":"Vi\u00ean n\u00e9n g\u1ed7 th\u00f4ng"},"content":{"rendered":"<p><span style=\"font-weight: 400;\">Vi\u00ean n\u00e9n g\u1ed7 th\u00f4ng l\u00e0 s\u1ea3n ph\u1ea9m t\u00e1i t\u1ea1o cao c\u1ea5p, \u0111\u01b0\u1ee3c s\u1ea3n xu\u1ea5t t\u1eeb 100% m\u00f9n c\u01b0a g\u1ed7 th\u00f4ng nguy\u00ean ch\u1ea5t n\u00e9n. Kh\u1ea3 n\u0103ng th\u1ea5m h\u00fat cao, m\u00f9i h\u01b0\u01a1ng th\u00f4ng t\u1ef1 nhi\u00ean v\u00e0 h\u00e0m l\u01b0\u1ee3ng b\u1ee5i th\u1ea5p khi\u1ebfn ch\u00fang tr\u1edf th\u00e0nh l\u1ef1a ch\u1ecdn tuy\u1ec7t v\u1eddi, h\u1ee3p v\u1ec7 sinh v\u00e0 tho\u1ea3i m\u00e1i, \u0111\u1eb7c bi\u1ec7t l\u00e0 d\u00f9ng l\u00e0m v\u1eadt li\u1ec7u l\u00f3t chu\u1ed3ng ch\u1ea5t l\u01b0\u1ee3ng cao cho v\u1eadt nu\u00f4i.<\/span><\/p>","protected":false},"excerpt":{"rendered":"<p>Lo\u1ea1i g\u1ed7: 100% Th\u00f4ng<br \/>\nChi\u1ec1u d\u00e0i: 6 \u2013 12 mm<br \/>\n\u0110\u01b0\u1eddng k\u00ednh: 6 \u2013 8 mm<br \/>\n\u0110\u1ed9 \u1ea9m: T\u1ed1i \u0111a 12%<br \/>\nT\u1ea1p ch\u1ea5t: 0%<br \/>\nTro: T\u1ed1i \u0111a 3.0%<br \/>\nKh\u1ed1i l\u01b0\u1ee3ng ri\u00eang: T\u1ed1i thi\u1ec3u 600 kg\/m\u00b3<br \/>\nM\u00e0u s\u1eafc: V\u00e0ng<\/p>","protected":false},"featured_media":7728,"comment_status":"open","ping_status":"closed","template":"","meta":{"_acf_changed":false},"applications":[40,42,43,46],"product_brand":[],"product_cat":[47,15],"product_tag":[],"class_list":{"0":"post-3298","1":"product","2":"type-product","3":"status-publish","4":"has-post-thumbnail","6":"applications-animal-bedding","7":"applications-cattle","8":"applications-horses","9":"applications-pets","10":"product_cat-wood-pellet","11":"product_cat-wood","13":"first","14":"instock","15":"shipping-taxable","16":"product-type-simple"},"acf":[],"_links":{"self":[{"href":"https:\/\/worldexport.com.vn\/vi\/wp-json\/wp\/v2\/product\/3298","targetHints":{"allow":["GET"]}}],"collection":[{"href":"https:\/\/worldexport.com.vn\/vi\/wp-json\/wp\/v2\/product"}],"about":[{"href":"https:\/\/worldexport.com.vn\/vi\/wp-json\/wp\/v2\/types\/product"}],"replies":[{"embeddable":true,"href":"https:\/\/worldexport.com.vn\/vi\/wp-json\/wp\/v2\/comments?post=3298"}],"wp:featuredmedia":[{"embeddable":true,"href":"https:\/\/worldexport.com.vn\/vi\/wp-json\/wp\/v2\/media\/7728"}],"wp:attachment":[{"href":"https:\/\/worldexport.com.vn\/vi\/wp-json\/wp\/v2\/media?parent=3298"}],"wp:term":[{"taxonomy":"applications","embeddable":true,"href":"https:\/\/worldexport.com.vn\/vi\/wp-json\/wp\/v2\/applications?post=3298"},{"taxonomy":"product_brand","embeddable":true,"href":"https:\/\/worldexport.com.vn\/vi\/wp-json\/wp\/v2\/product_brand?post=3298"},{"taxonomy":"product_cat","embeddable":true,"href":"https:\/\/worldexport.com.vn\/vi\/wp-json\/wp\/v2\/product_cat?post=3298"},{"taxonomy":"product_tag","embeddable":true,"href":"https:\/\/worldexport.com.vn\/vi\/wp-json\/wp\/v2\/product_tag?post=3298"}],"curies":[{"name":"trang web","href":"https:\/\/api.w.org\/{rel}","templated":true}]}}