{"id":3242,"date":"2025-09-13T09:07:15","date_gmt":"2025-09-13T02:07:15","guid":{"rendered":"https:\/\/worldexport.com.vn\/?post_type=product&#038;p=3242"},"modified":"2026-02-04T16:51:59","modified_gmt":"2026-02-04T09:51:59","slug":"vien-nen-go-hon-hop","status":"publish","type":"product","link":"https:\/\/worldexport.com.vn\/vi\/san-pham\/go\/vien-nen\/vien-nen-go-hon-hop\/","title":{"rendered":"Vi\u00ean n\u00e9n g\u1ed7 h\u1ed7n h\u1ee3p"},"content":{"rendered":"<p><span style=\"font-weight: 400;\">Vi\u00ean n\u00e9n g\u1ed7 h\u1ed7n h\u1ee3p l\u00e0 s\u1ea3n ph\u1ea9m t\u00e1i t\u1ea1o \u0111\u01b0\u1ee3c l\u00e0m t\u1eeb m\u00f9n c\u01b0a v\u00e0 v\u1ee5n g\u1ed7 n\u00e9n t\u1eeb c\u00e2y keo, th\u00f4ng v\u00e0 cao su. Ch\u00fang mang l\u1ea1i kh\u1ea3 n\u0103ng \u0111\u1ed1t ch\u00e1y s\u1ea1ch s\u1ebd v\u00e0 hi\u1ec7u qu\u1ea3 cho c\u1ea3 m\u1ee5c \u0111\u00edch s\u01b0\u1edfi \u1ea5m c\u00f4ng nghi\u1ec7p v\u00e0 d\u00e2n d\u1ee5ng, \u0111\u1ed3ng th\u1eddi kh\u1ea3 n\u0103ng th\u1ea5m h\u00fat t\u1ef1 nhi\u00ean v\u00e0 h\u00e0m l\u01b0\u1ee3ng \u1ea9m th\u1ea5p c\u0169ng khi\u1ebfn ch\u00fang ph\u00f9 h\u1ee3p l\u00e0m v\u1eadt li\u1ec7u l\u00f3t chu\u1ed3ng h\u1ee3p v\u1ec7 sinh cho v\u1eadt nu\u00f4i.<\/span><\/p>","protected":false},"excerpt":{"rendered":"<p>Lo\u1ea1i g\u1ed7: Keo, Th\u00f4ng, S\u1ed3i<br \/>\nChi\u1ec1u d\u00e0i: T\u1ed1i \u0111a 32 mm<br \/>\n\u0110\u01b0\u1eddng k\u00ednh: 6 \u2013 8 mm<br \/>\n\u0110\u1ed9 \u1ea9m: T\u1ed1i \u0111a 10%<br \/>\nT\u1ea1p ch\u1ea5t: 0%<br \/>\nTro: T\u1ed1i \u0111a 3.0%<br \/>\nKh\u1ed1i l\u01b0\u1ee3ng ri\u00eang: T\u1ed1i thi\u1ec3u 600 kg\/m\u00b3<br \/>\nM\u00e0u s\u1eafc: N\u00e2u<\/p>","protected":false},"featured_media":7724,"comment_status":"open","ping_status":"closed","template":"","meta":{"_acf_changed":false},"applications":[40,42,43,46],"product_brand":[],"product_cat":[47,15],"product_tag":[],"class_list":{"0":"post-3242","1":"product","2":"type-product","3":"status-publish","4":"has-post-thumbnail","6":"applications-animal-bedding","7":"applications-cattle","8":"applications-horses","9":"applications-pets","10":"product_cat-wood-pellet","11":"product_cat-wood","13":"first","14":"instock","15":"shipping-taxable","16":"product-type-simple"},"acf":[],"_links":{"self":[{"href":"https:\/\/worldexport.com.vn\/vi\/wp-json\/wp\/v2\/product\/3242","targetHints":{"allow":["GET"]}}],"collection":[{"href":"https:\/\/worldexport.com.vn\/vi\/wp-json\/wp\/v2\/product"}],"about":[{"href":"https:\/\/worldexport.com.vn\/vi\/wp-json\/wp\/v2\/types\/product"}],"replies":[{"embeddable":true,"href":"https:\/\/worldexport.com.vn\/vi\/wp-json\/wp\/v2\/comments?post=3242"}],"wp:featuredmedia":[{"embeddable":true,"href":"https:\/\/worldexport.com.vn\/vi\/wp-json\/wp\/v2\/media\/7724"}],"wp:attachment":[{"href":"https:\/\/worldexport.com.vn\/vi\/wp-json\/wp\/v2\/media?parent=3242"}],"wp:term":[{"taxonomy":"applications","embeddable":true,"href":"https:\/\/worldexport.com.vn\/vi\/wp-json\/wp\/v2\/applications?post=3242"},{"taxonomy":"product_brand","embeddable":true,"href":"https:\/\/worldexport.com.vn\/vi\/wp-json\/wp\/v2\/product_brand?post=3242"},{"taxonomy":"product_cat","embeddable":true,"href":"https:\/\/worldexport.com.vn\/vi\/wp-json\/wp\/v2\/product_cat?post=3242"},{"taxonomy":"product_tag","embeddable":true,"href":"https:\/\/worldexport.com.vn\/vi\/wp-json\/wp\/v2\/product_tag?post=3242"}],"curies":[{"name":"trang web","href":"https:\/\/api.w.org\/{rel}","templated":true}]}}