{"id":23,"date":"2025-08-13T08:05:26","date_gmt":"2025-08-13T01:05:26","guid":{"rendered":"https:\/\/worldexport.com.vn\/gio-hang\/"},"modified":"2025-08-30T10:17:53","modified_gmt":"2025-08-30T03:17:53","slug":"gio-hang","status":"publish","type":"page","link":"https:\/\/worldexport.com.vn\/vi\/gio-hang\/","title":{"rendered":"h\u00e0ng h\u00f3a"},"content":{"rendered":"<div data-block-name=\"woocommerce\/cart\" class=\"wp-block-woocommerce-cart alignwide is-loading\">\n<div data-block-name=\"woocommerce\/filled-cart-block\" class=\"wp-block-woocommerce-filled-cart-block\">\n<div data-block-name=\"woocommerce\/cart-items-block\" class=\"wp-block-woocommerce-cart-items-block\">\n<div data-block-name=\"woocommerce\/cart-line-items-block\" class=\"wp-block-woocommerce-cart-line-items-block\"><\/div>\n\n\n\n<div data-block-name=\"woocommerce\/cart-cross-sells-block\" class=\"wp-block-woocommerce-cart-cross-sells-block\">\n<h2 class=\"wp-block-heading has-large-font-size\"><span class=\"ez-toc-section\" id=\"Ban_co_the_quan_tam_den%E2%80%A6\"><\/span>B\u1ea1n c\u00f3 th\u1ec3 quan t\u00e2m \u0111\u1ebfn\u2026<span class=\"ez-toc-section-end\"><\/span><\/h2>\n\n\n\n<div data-block-name=\"woocommerce\/cart-cross-sells-products-block\" class=\"wp-block-woocommerce-cart-cross-sells-products-block\"><\/div>\n<\/div>\n<\/div>\n\n\n\n<div data-block-name=\"woocommerce\/cart-totals-block\" class=\"wp-block-woocommerce-cart-totals-block\">\n<div data-block-name=\"woocommerce\/cart-order-summary-block\" class=\"wp-block-woocommerce-cart-order-summary-block\">\n<div data-block-name=\"woocommerce\/cart-order-summary-heading-block\" class=\"wp-block-woocommerce-cart-order-summary-heading-block\"><\/div><div data-block-name=\"woocommerce\/cart-order-summary-coupon-form-block\" class=\"wp-block-woocommerce-cart-order-summary-coupon-form-block\"><\/div><div data-block-name=\"woocommerce\/cart-order-summary-totals-block\" class=\"wp-block-woocommerce-cart-order-summary-totals-block\">\n<div data-block-name=\"woocommerce\/cart-order-summary-subtotal-block\" class=\"wp-block-woocommerce-cart-order-summary-subtotal-block\"><\/div>\n<div data-block-name=\"woocommerce\/cart-order-summary-discount-block\" class=\"wp-block-woocommerce-cart-order-summary-discount-block\"><\/div>\n<div data-block-name=\"woocommerce\/cart-order-summary-fee-block\" class=\"wp-block-woocommerce-cart-order-summary-fee-block\"><\/div>\n<div data-block-name=\"woocommerce\/cart-order-summary-shipping-block\" class=\"wp-block-woocommerce-cart-order-summary-shipping-block\"><\/div>\n<div data-block-name=\"woocommerce\/cart-order-summary-taxes-block\" class=\"wp-block-woocommerce-cart-order-summary-taxes-block\"><\/div><\/div>\n<\/div>\n\n\n\n<div data-block-name=\"woocommerce\/cart-express-payment-block\" class=\"wp-block-woocommerce-cart-express-payment-block\"><\/div>\n\n\n\n<div data-block-name=\"woocommerce\/proceed-to-checkout-block\" class=\"wp-block-woocommerce-proceed-to-checkout-block\"><\/div>\n\n\n\n<div data-block-name=\"woocommerce\/cart-accepted-payment-methods-block\" class=\"wp-block-woocommerce-cart-accepted-payment-methods-block\"><\/div>\n<\/div>\n<\/div>\n\n\n\n<div data-block-name=\"woocommerce\/empty-cart-block\" class=\"wp-block-woocommerce-empty-cart-block\">\n<h2 class=\"wp-block-heading has-text-align-center with-empty-cart-icon wc-block-cart__empty-cart__title\"><span class=\"ez-toc-section\" id=\"Gio_hang_hien_tai_chua_co_san_pham_nao\"><\/span>Gi\u1ecf h\u00e0ng hi\u1ec7n t\u1ea1i ch\u01b0a c\u00f3 s\u1ea3n ph\u1ea9m n\u00e0o!<span class=\"ez-toc-section-end\"><\/span><\/h2>\n\n\n\n<hr class=\"wp-block-separator has-alpha-channel-opacity is-style-dots\"\/>\n\n\n\n<h2 class=\"wp-block-heading has-text-align-center\"><span class=\"ez-toc-section\" id=\"Moi_trong_cua_hang\"><\/span>M\u1edbi trong h\u00e0ng<span class=\"ez-toc-section-end\"><\/span><\/h2>\n\n\n<div data-block-name=\"woocommerce\/product-new\" data-columns=\"4\" data-rows=\"1\" class=\"wc-block-grid wp-block-product-new wp-block-woocommerce-product-new wc-block-product-new has-4-columns\"><ul class=\"wc-block-grid__products\"><li class=\"wc-block-grid__product\">\n\t\t\t\t<a href=\"https:\/\/worldexport.com.vn\/vi\/san-pham\/san-pham-khac\/giay-phe-thai\/giay-phe-thai-chat-luong-cao\/\" class=\"wc-block-grid__product-link\">\n\t\t\t\t\t\n\t\t\t\t\t<div class=\"wc-block-grid__product-image\"><img decoding=\"async\" width=\"300\" height=\"300\" src=\"https:\/\/worldexport.com.vn\/wp-content\/uploads\/2025\/10\/Product_Detail_Waste-paper-1-300x300.webp\" class=\"attachment-woocommerce_thumbnail size-woocommerce_thumbnail\" alt=\"Gi\u1ea5y ph\u1ebf th\u1ea3i\" srcset=\"https:\/\/worldexport.com.vn\/wp-content\/uploads\/2025\/10\/Product_Detail_Waste-paper-1-300x300.webp 300w, https:\/\/worldexport.com.vn\/wp-content\/uploads\/2025\/10\/Product_Detail_Waste-paper-1-150x150.webp 150w, https:\/\/worldexport.com.vn\/wp-content\/uploads\/2025\/10\/Product_Detail_Waste-paper-1-768x768.webp 768w, https:\/\/worldexport.com.vn\/wp-content\/uploads\/2025\/10\/Product_Detail_Waste-paper-1-600x600.webp 600w, https:\/\/worldexport.com.vn\/wp-content\/uploads\/2025\/10\/Product_Detail_Waste-paper-1-100x100.webp 100w, https:\/\/worldexport.com.vn\/wp-content\/uploads\/2025\/10\/Product_Detail_Waste-paper-1.webp 1000w\" sizes=\"(max-width: 300px) 100vw, 300px\" \/><\/div>\n\t\t\t\t\t<div class=\"wc-block-grid__product-title\">Gi\u1ea5y ph\u1ebf th\u1ea3i<\/div>\n\t\t\t\t<\/a>\n\t\t\t\t<div class=\"wc-block-grid__product-price price\"><span class=\"amount\" data-no-translation=\"\" data-trp-gettext=\"\">Li\u00ean h\u1ec7 v\u1edbi ch\u00fang t\u00f4i<\/span><\/div>\n\t\t\t\t\n\t\t\t\t<div class=\"wp-block-button wc-block-grid__product-add-to-cart\"><a href=\"https:\/\/worldexport.com.vn\/vi\/san-pham\/san-pham-khac\/giay-phe-thai\/giay-phe-thai-chat-luong-cao\/\" aria-label=\"\u0110\u1ecdc th\u00eam v\u1ec1 \u201cWaste Paper\u201d\" data-quantity=\"1\" data-product_id=\"7817\" data-product_sku=\"WPP000\" data-price=\"0\" rel=\"nofollow\" class=\"wp-block-button__link  add_to_cart_button\" data-no-translation=\"\" data-trp-gettext=\"\" data-no-translation-aria-label=\"\">\u0110\u1ecdc ti\u1ebfp<\/a><\/div>\n\t\t\t<\/li><li class=\"wc-block-grid__product\">\n\t\t\t\t<a href=\"https:\/\/worldexport.com.vn\/vi\/san-pham\/san-pham-khac\/da-voi\/da-voi-chat-luong-cao\/\" class=\"wc-block-grid__product-link\">\n\t\t\t\t\t\n\t\t\t\t\t<div class=\"wc-block-grid__product-image\"><img decoding=\"async\" width=\"300\" height=\"300\" src=\"https:\/\/worldexport.com.vn\/wp-content\/uploads\/2025\/10\/Limestone-4-300x300.webp\" class=\"attachment-woocommerce_thumbnail size-woocommerce_thumbnail\" alt=\"\u0110\u00e1 v\u00f4i\" srcset=\"https:\/\/worldexport.com.vn\/wp-content\/uploads\/2025\/10\/Limestone-4-300x300.webp 300w, https:\/\/worldexport.com.vn\/wp-content\/uploads\/2025\/10\/Limestone-4-1024x1024.webp 1024w, https:\/\/worldexport.com.vn\/wp-content\/uploads\/2025\/10\/Limestone-4-150x150.webp 150w, https:\/\/worldexport.com.vn\/wp-content\/uploads\/2025\/10\/Limestone-4-768x768.webp 768w, https:\/\/worldexport.com.vn\/wp-content\/uploads\/2025\/10\/Limestone-4-1536x1536.webp 1536w, https:\/\/worldexport.com.vn\/wp-content\/uploads\/2025\/10\/Limestone-4-2048x2048.webp 2048w, https:\/\/worldexport.com.vn\/wp-content\/uploads\/2025\/10\/Limestone-4-600x600.webp 600w, https:\/\/worldexport.com.vn\/wp-content\/uploads\/2025\/10\/Limestone-4-100x100.webp 100w\" sizes=\"(max-width: 300px) 100vw, 300px\" \/><\/div>\n\t\t\t\t\t<div class=\"wc-block-grid__product-title\">\u0110\u00e1 v\u00f4i<\/div>\n\t\t\t\t<\/a>\n\t\t\t\t<div class=\"wc-block-grid__product-price price\"><span class=\"amount\" data-no-translation=\"\" data-trp-gettext=\"\">Li\u00ean h\u1ec7 v\u1edbi ch\u00fang t\u00f4i<\/span><\/div>\n\t\t\t\t\n\t\t\t\t<div class=\"wp-block-button wc-block-grid__product-add-to-cart\"><a href=\"https:\/\/worldexport.com.vn\/vi\/san-pham\/san-pham-khac\/da-voi\/da-voi-chat-luong-cao\/\" aria-label=\"\u0110\u1ecdc th\u00eam v\u1ec1 \u201cLimestone\u201d\" data-quantity=\"1\" data-product_id=\"7809\" data-product_sku=\"LS000\" data-price=\"0\" rel=\"nofollow\" class=\"wp-block-button__link  add_to_cart_button\" data-no-translation=\"\" data-trp-gettext=\"\" data-no-translation-aria-label=\"\">\u0110\u1ecdc ti\u1ebfp<\/a><\/div>\n\t\t\t<\/li><li class=\"wc-block-grid__product\">\n\t\t\t\t<a href=\"https:\/\/worldexport.com.vn\/vi\/san-pham\/go\/dam-bao-manh-lon\/dam-bao-manh-lon-chat-luong-cao\/\" class=\"wc-block-grid__product-link\">\n\t\t\t\t\t\n\t\t\t\t\t<div class=\"wc-block-grid__product-image\"><img decoding=\"async\" width=\"300\" height=\"300\" src=\"https:\/\/worldexport.com.vn\/wp-content\/uploads\/2025\/10\/Product_Detail_Large-Flake-Wood-Shavings-5-300x300.webp\" class=\"attachment-woocommerce_thumbnail size-woocommerce_thumbnail\" alt=\"m\u00f9n c\u01b0a g\u1ed7 d\u1ea1ng m\u1ea3nh l\u1edbn\" srcset=\"https:\/\/worldexport.com.vn\/wp-content\/uploads\/2025\/10\/Product_Detail_Large-Flake-Wood-Shavings-5-300x300.webp 300w, https:\/\/worldexport.com.vn\/wp-content\/uploads\/2025\/10\/Product_Detail_Large-Flake-Wood-Shavings-5-150x150.webp 150w, https:\/\/worldexport.com.vn\/wp-content\/uploads\/2025\/10\/Product_Detail_Large-Flake-Wood-Shavings-5-768x768.webp 768w, https:\/\/worldexport.com.vn\/wp-content\/uploads\/2025\/10\/Product_Detail_Large-Flake-Wood-Shavings-5-600x600.webp 600w, https:\/\/worldexport.com.vn\/wp-content\/uploads\/2025\/10\/Product_Detail_Large-Flake-Wood-Shavings-5-100x100.webp 100w, https:\/\/worldexport.com.vn\/wp-content\/uploads\/2025\/10\/Product_Detail_Large-Flake-Wood-Shavings-5.webp 1000w\" sizes=\"(max-width: 300px) 100vw, 300px\" \/><\/div>\n\t\t\t\t\t<div class=\"wc-block-grid__product-title\">D\u0103m b\u00e0o m\u1ea3nh l\u1edbn<\/div>\n\t\t\t\t<\/a>\n\t\t\t\t<div class=\"wc-block-grid__product-price price\"><span class=\"amount\" data-no-translation=\"\" data-trp-gettext=\"\">Li\u00ean h\u1ec7 v\u1edbi ch\u00fang t\u00f4i<\/span><\/div>\n\t\t\t\t\n\t\t\t\t<div class=\"wp-block-button wc-block-grid__product-add-to-cart\"><a href=\"https:\/\/worldexport.com.vn\/vi\/san-pham\/go\/dam-bao-manh-lon\/dam-bao-manh-lon-chat-luong-cao\/\" aria-label=\"\u0110\u1ecdc th\u00eam v\u1ec1 \u201cLarge Flake Wood Shavings\u201d\" data-quantity=\"1\" data-product_id=\"7777\" data-product_sku=\"LFWS000\" data-price=\"0\" rel=\"nofollow\" class=\"wp-block-button__link  add_to_cart_button\" data-no-translation=\"\" data-trp-gettext=\"\" data-no-translation-aria-label=\"\">\u0110\u1ecdc ti\u1ebfp<\/a><\/div>\n\t\t\t<\/li><li class=\"wc-block-grid__product\">\n\t\t\t\t<a href=\"https:\/\/worldexport.com.vn\/vi\/san-pham\/san-pham-khac\/tinh-bot-san-3\/tinh-bot-san-chat-luong-cao\/\" class=\"wc-block-grid__product-link\">\n\t\t\t\t\t\n\t\t\t\t\t<div class=\"wc-block-grid__product-image\"><img decoding=\"async\" width=\"300\" height=\"300\" src=\"https:\/\/worldexport.com.vn\/wp-content\/uploads\/2025\/09\/Product_Detail_Tapioca-Starch-4-300x300.webp\" class=\"attachment-woocommerce_thumbnail size-woocommerce_thumbnail\" alt=\"Tinh b\u1ed9t s\u1eafn\" srcset=\"https:\/\/worldexport.com.vn\/wp-content\/uploads\/2025\/09\/Product_Detail_Tapioca-Starch-4-300x300.webp 300w, https:\/\/worldexport.com.vn\/wp-content\/uploads\/2025\/09\/Product_Detail_Tapioca-Starch-4-150x150.webp 150w, https:\/\/worldexport.com.vn\/wp-content\/uploads\/2025\/09\/Product_Detail_Tapioca-Starch-4-768x768.webp 768w, https:\/\/worldexport.com.vn\/wp-content\/uploads\/2025\/09\/Product_Detail_Tapioca-Starch-4-600x600.webp 600w, https:\/\/worldexport.com.vn\/wp-content\/uploads\/2025\/09\/Product_Detail_Tapioca-Starch-4-100x100.webp 100w, https:\/\/worldexport.com.vn\/wp-content\/uploads\/2025\/09\/Product_Detail_Tapioca-Starch-4.webp 1000w\" sizes=\"(max-width: 300px) 100vw, 300px\" \/><\/div>\n\t\t\t\t\t<div class=\"wc-block-grid__product-title\">Tinh b\u1ed9t s\u1eafn<\/div>\n\t\t\t\t<\/a>\n\t\t\t\t<div class=\"wc-block-grid__product-price price\"><span class=\"amount\" data-no-translation=\"\" data-trp-gettext=\"\">Li\u00ean h\u1ec7 v\u1edbi ch\u00fang t\u00f4i<\/span><\/div>\n\t\t\t\t\n\t\t\t\t<div class=\"wp-block-button wc-block-grid__product-add-to-cart\"><a href=\"https:\/\/worldexport.com.vn\/vi\/san-pham\/san-pham-khac\/tinh-bot-san-3\/tinh-bot-san-chat-luong-cao\/\" aria-label=\"\u0110\u1ecdc th\u00eam v\u1ec1 \u201cTapioca Starch\u201d\" data-quantity=\"1\" data-product_id=\"3345\" data-product_sku=\"TS000\" data-price=\"0\" rel=\"nofollow\" class=\"wp-block-button__link  add_to_cart_button\" data-no-translation=\"\" data-trp-gettext=\"\" data-no-translation-aria-label=\"\">\u0110\u1ecdc ti\u1ebfp<\/a><\/div>\n\t\t\t<\/li><\/ul><\/div><\/div>\n<\/div>","protected":false},"excerpt":{"rendered":"","protected":false},"author":1,"featured_media":0,"parent":0,"menu_order":0,"comment_status":"closed","ping_status":"closed","template":"","meta":{"_acf_changed":false,"footnotes":""},"class_list":["post-23","page","type-page","status-publish","hentry"],"acf":[],"_links":{"self":[{"href":"https:\/\/worldexport.com.vn\/vi\/wp-json\/wp\/v2\/pages\/23","targetHints":{"allow":["GET"]}}],"collection":[{"href":"https:\/\/worldexport.com.vn\/vi\/wp-json\/wp\/v2\/pages"}],"about":[{"href":"https:\/\/worldexport.com.vn\/vi\/wp-json\/wp\/v2\/types\/page"}],"author":[{"embeddable":true,"href":"https:\/\/worldexport.com.vn\/vi\/wp-json\/wp\/v2\/users\/1"}],"replies":[{"embeddable":true,"href":"https:\/\/worldexport.com.vn\/vi\/wp-json\/wp\/v2\/comments?post=23"}],"version-history":[{"count":0,"href":"https:\/\/worldexport.com.vn\/vi\/wp-json\/wp\/v2\/pages\/23\/revisions"}],"wp:attachment":[{"href":"https:\/\/worldexport.com.vn\/vi\/wp-json\/wp\/v2\/media?parent=23"}],"curies":[{"name":"trang web","href":"https:\/\/api.w.org\/{rel}","templated":true}]}}