{"id":7817,"date":"2025-10-30T11:59:49","date_gmt":"2025-10-30T04:59:49","guid":{"rendered":"https:\/\/worldexport.com.vn\/?post_type=product&#038;p=7817"},"modified":"2026-01-22T12:02:47","modified_gmt":"2026-01-22T05:02:47","slug":"export-waste-paper","status":"publish","type":"product","link":"https:\/\/worldexport.com.vn\/fr\/produit\/non-bois\/papier-recycle\/export-waste-paper\/","title":{"rendered":"Papier recycl\u00e9"},"content":{"rendered":"<p>Le papier recycl\u00e9 est un mat\u00e9riau fibreux recycl\u00e9, collect\u00e9 et trait\u00e9 selon des normes industrielles sp\u00e9cifiques. Ressource durable et essentielle, il constitue la principale mati\u00e8re premi\u00e8re pour la production de papier recycl\u00e9, favorisant ainsi un circuit de production ferm\u00e9 au sein de l&#039;industrie papeti\u00e8re.<\/p>","protected":false},"excerpt":{"rendered":"<p>Type : OCC, ONP, SOP, PAPIER MIXTE<br \/>\nHumidit\u00e9 : Max 12%<br \/>\nComposants non papier : Max 1 \u2013 5% (plastique, m\u00e9taux, poussi\u00e8re, autres)<br \/>\nLuminosit\u00e9\u00a0: 40% \u2013 70% ISO<\/p>","protected":false},"featured_media":7819,"comment_status":"open","ping_status":"closed","template":"","meta":{"_acf_changed":false},"applications":[],"product_brand":[],"product_cat":[55,17],"product_tag":[80],"class_list":{"0":"post-7817","1":"product","2":"type-product","3":"status-publish","4":"has-post-thumbnail","6":"product_cat-waste-paper","7":"product_cat-non-wood","8":"product_tag-waste-paper","10":"first","11":"instock","12":"shipping-taxable","13":"product-type-simple"},"acf":[],"_links":{"self":[{"href":"https:\/\/worldexport.com.vn\/fr\/wp-json\/wp\/v2\/product\/7817","targetHints":{"allow":["GET"]}}],"collection":[{"href":"https:\/\/worldexport.com.vn\/fr\/wp-json\/wp\/v2\/product"}],"about":[{"href":"https:\/\/worldexport.com.vn\/fr\/wp-json\/wp\/v2\/types\/product"}],"replies":[{"embeddable":true,"href":"https:\/\/worldexport.com.vn\/fr\/wp-json\/wp\/v2\/comments?post=7817"}],"wp:featuredmedia":[{"embeddable":true,"href":"https:\/\/worldexport.com.vn\/fr\/wp-json\/wp\/v2\/media\/7819"}],"wp:attachment":[{"href":"https:\/\/worldexport.com.vn\/fr\/wp-json\/wp\/v2\/media?parent=7817"}],"wp:term":[{"taxonomy":"applications","embeddable":true,"href":"https:\/\/worldexport.com.vn\/fr\/wp-json\/wp\/v2\/applications?post=7817"},{"taxonomy":"product_brand","embeddable":true,"href":"https:\/\/worldexport.com.vn\/fr\/wp-json\/wp\/v2\/product_brand?post=7817"},{"taxonomy":"product_cat","embeddable":true,"href":"https:\/\/worldexport.com.vn\/fr\/wp-json\/wp\/v2\/product_cat?post=7817"},{"taxonomy":"product_tag","embeddable":true,"href":"https:\/\/worldexport.com.vn\/fr\/wp-json\/wp\/v2\/product_tag?post=7817"}],"curies":[{"name":"wp","href":"https:\/\/api.w.org\/{rel}","templated":true}]}}