{"id":3345,"date":"2025-09-13T20:46:28","date_gmt":"2025-09-13T13:46:28","guid":{"rendered":"https:\/\/worldexport.com.vn\/?post_type=product&#038;p=3345"},"modified":"2026-01-06T09:57:56","modified_gmt":"2026-01-06T02:57:56","slug":"exportation-amidon-de-tapioca","status":"publish","type":"product","link":"https:\/\/worldexport.com.vn\/fr\/produit\/non-bois\/amidon-de-tapioca\/exportation-amidon-de-tapioca\/","title":{"rendered":"Amidon de tapioca"},"content":{"rendered":"<p><span style=\"font-weight: 400;\">L&#039;amidon de tapioca est un glucide polyvalent extrait de la racine de manioc. Reconnu pour sa grande puret\u00e9, son pouvoir liant naturel et ses propri\u00e9t\u00e9s \u00e9paississantes, il constitue un ingr\u00e9dient essentiel et une mati\u00e8re premi\u00e8re utilis\u00e9e dans de nombreuses applications industrielles, manufacturi\u00e8res et agroalimentaires.<\/span><\/p>\n<p> <\/p>\n<p> <\/p>","protected":false},"excerpt":{"rendered":"<p>Teneur en amidon : Min 85%<br \/>\nHumidit\u00e9 : Max 13%<br \/>\nBlancheur : Min 90%<br \/>\nViscosit\u00e9 : min. 650 BU<br \/>\nTeneur en SO\u2082 : max. 30 ppm<br \/>\npH : 5 \u2013 7<br \/>\nCendres : Max 0,2%<\/p>","protected":false},"featured_media":7806,"comment_status":"open","ping_status":"closed","template":"","meta":{"_acf_changed":false},"applications":[],"product_brand":[],"product_cat":[53,17],"product_tag":[],"class_list":{"0":"post-3345","1":"product","2":"type-product","3":"status-publish","4":"has-post-thumbnail","6":"product_cat-tapioca-starch","7":"product_cat-non-wood","9":"first","10":"instock","11":"shipping-taxable","12":"product-type-simple"},"acf":[],"_links":{"self":[{"href":"https:\/\/worldexport.com.vn\/fr\/wp-json\/wp\/v2\/product\/3345","targetHints":{"allow":["GET"]}}],"collection":[{"href":"https:\/\/worldexport.com.vn\/fr\/wp-json\/wp\/v2\/product"}],"about":[{"href":"https:\/\/worldexport.com.vn\/fr\/wp-json\/wp\/v2\/types\/product"}],"replies":[{"embeddable":true,"href":"https:\/\/worldexport.com.vn\/fr\/wp-json\/wp\/v2\/comments?post=3345"}],"wp:featuredmedia":[{"embeddable":true,"href":"https:\/\/worldexport.com.vn\/fr\/wp-json\/wp\/v2\/media\/7806"}],"wp:attachment":[{"href":"https:\/\/worldexport.com.vn\/fr\/wp-json\/wp\/v2\/media?parent=3345"}],"wp:term":[{"taxonomy":"applications","embeddable":true,"href":"https:\/\/worldexport.com.vn\/fr\/wp-json\/wp\/v2\/applications?post=3345"},{"taxonomy":"product_brand","embeddable":true,"href":"https:\/\/worldexport.com.vn\/fr\/wp-json\/wp\/v2\/product_brand?post=3345"},{"taxonomy":"product_cat","embeddable":true,"href":"https:\/\/worldexport.com.vn\/fr\/wp-json\/wp\/v2\/product_cat?post=3345"},{"taxonomy":"product_tag","embeddable":true,"href":"https:\/\/worldexport.com.vn\/fr\/wp-json\/wp\/v2\/product_tag?post=3345"}],"curies":[{"name":"wp","href":"https:\/\/api.w.org\/{rel}","templated":true}]}}