{"id":3343,"date":"2025-09-13T20:42:30","date_gmt":"2025-09-13T13:42:30","guid":{"rendered":"https:\/\/worldexport.com.vn\/?post_type=product&#038;p=3343"},"modified":"2025-12-29T10:52:28","modified_gmt":"2025-12-29T03:52:28","slug":"exportation-de-copeaux-de-bois","status":"publish","type":"product","link":"https:\/\/worldexport.com.vn\/fr\/produit\/bois\/eclats-de-bois\/exportation-de-copeaux-de-bois\/","title":{"rendered":"\u00e9clats de bois"},"content":{"rendered":"<p><span style=\"font-weight: 400;\">Les copeaux de bois sont un mat\u00e9riau polyvalent et grossier, produit \u00e0 partir de bois d&#039;acacia ou d&#039;eucalyptus. Leur granulom\u00e9trie uniforme et leur composition naturelle en font une mati\u00e8re premi\u00e8re efficace et \u00e9conomique, largement utilis\u00e9e dans le chauffage industriel, la production de p\u00e2te \u00e0 papier et l&#039;amendement des sols agricoles.<\/span><\/p>","protected":false},"excerpt":{"rendered":"<p>Essence de bois : Acacia ou eucalyptus<br \/>\nTaille : 1 \u2013 4,5 cm<br \/>\nTeneur en bois pourri et en \u00e9corce : Max 3%<br \/>\nHumidit\u00e9 : Max 15%<\/p>","protected":false},"featured_media":7786,"comment_status":"open","ping_status":"closed","template":"","meta":{"_acf_changed":false},"applications":[],"product_brand":[],"product_cat":[51,15],"product_tag":[],"class_list":{"0":"post-3343","1":"product","2":"type-product","3":"status-publish","4":"has-post-thumbnail","6":"product_cat-wood-chip","7":"product_cat-wood","9":"first","10":"instock","11":"shipping-taxable","12":"product-type-simple"},"acf":[],"_links":{"self":[{"href":"https:\/\/worldexport.com.vn\/fr\/wp-json\/wp\/v2\/product\/3343","targetHints":{"allow":["GET"]}}],"collection":[{"href":"https:\/\/worldexport.com.vn\/fr\/wp-json\/wp\/v2\/product"}],"about":[{"href":"https:\/\/worldexport.com.vn\/fr\/wp-json\/wp\/v2\/types\/product"}],"replies":[{"embeddable":true,"href":"https:\/\/worldexport.com.vn\/fr\/wp-json\/wp\/v2\/comments?post=3343"}],"wp:featuredmedia":[{"embeddable":true,"href":"https:\/\/worldexport.com.vn\/fr\/wp-json\/wp\/v2\/media\/7786"}],"wp:attachment":[{"href":"https:\/\/worldexport.com.vn\/fr\/wp-json\/wp\/v2\/media?parent=3343"}],"wp:term":[{"taxonomy":"applications","embeddable":true,"href":"https:\/\/worldexport.com.vn\/fr\/wp-json\/wp\/v2\/applications?post=3343"},{"taxonomy":"product_brand","embeddable":true,"href":"https:\/\/worldexport.com.vn\/fr\/wp-json\/wp\/v2\/product_brand?post=3343"},{"taxonomy":"product_cat","embeddable":true,"href":"https:\/\/worldexport.com.vn\/fr\/wp-json\/wp\/v2\/product_cat?post=3343"},{"taxonomy":"product_tag","embeddable":true,"href":"https:\/\/worldexport.com.vn\/fr\/wp-json\/wp\/v2\/product_tag?post=3343"}],"curies":[{"name":"wp","href":"https:\/\/api.w.org\/{rel}","templated":true}]}}