{"id":3342,"date":"2025-09-13T20:40:10","date_gmt":"2025-09-13T13:40:10","guid":{"rendered":"https:\/\/worldexport.com.vn\/?post_type=product&#038;p=3342"},"modified":"2025-12-10T11:35:11","modified_gmt":"2025-12-10T04:35:11","slug":"poudre-de-bois-de-pin","status":"publish","type":"product","link":"https:\/\/worldexport.com.vn\/fr\/produit\/bois\/poudre-de-bois\/poudre-de-bois-de-pin\/","title":{"rendered":"Poudre de bois de pin"},"content":{"rendered":"<p><span style=\"font-weight: 400;\">La poudre de bois de pin est un mat\u00e9riau fin produit exclusivement \u00e0 partir de bois de pin pur 100%. Caract\u00e9ris\u00e9e par une granulom\u00e9trie homog\u00e8ne et une composition naturelle, elle constitue une mati\u00e8re premi\u00e8re pr\u00e9cieuse pour diverses applications industrielles, notamment la fabrication de composites et la production de papier.<\/span><\/p>","protected":false},"excerpt":{"rendered":"<p>Essence de bois\u00a0: Pin 100%<br \/>\nTaille : Max 1 mm<br \/>\nTaille des mailles : 20 \u2013 80<br \/>\nHumidit\u00e9 : Max 10%<br \/>\nCouleur : Marron clair<\/p>","protected":false},"featured_media":9058,"comment_status":"open","ping_status":"closed","template":"","meta":{"_acf_changed":false},"applications":[40,45],"product_brand":[],"product_cat":[50,15],"product_tag":[],"class_list":{"0":"post-3342","1":"product","2":"type-product","3":"status-publish","4":"has-post-thumbnail","6":"applications-animal-bedding","7":"applications-pigs","8":"product_cat-wood-powder","9":"product_cat-wood","11":"first","12":"instock","13":"shipping-taxable","14":"product-type-simple"},"acf":[],"_links":{"self":[{"href":"https:\/\/worldexport.com.vn\/fr\/wp-json\/wp\/v2\/product\/3342","targetHints":{"allow":["GET"]}}],"collection":[{"href":"https:\/\/worldexport.com.vn\/fr\/wp-json\/wp\/v2\/product"}],"about":[{"href":"https:\/\/worldexport.com.vn\/fr\/wp-json\/wp\/v2\/types\/product"}],"replies":[{"embeddable":true,"href":"https:\/\/worldexport.com.vn\/fr\/wp-json\/wp\/v2\/comments?post=3342"}],"wp:featuredmedia":[{"embeddable":true,"href":"https:\/\/worldexport.com.vn\/fr\/wp-json\/wp\/v2\/media\/9058"}],"wp:attachment":[{"href":"https:\/\/worldexport.com.vn\/fr\/wp-json\/wp\/v2\/media?parent=3342"}],"wp:term":[{"taxonomy":"applications","embeddable":true,"href":"https:\/\/worldexport.com.vn\/fr\/wp-json\/wp\/v2\/applications?post=3342"},{"taxonomy":"product_brand","embeddable":true,"href":"https:\/\/worldexport.com.vn\/fr\/wp-json\/wp\/v2\/product_brand?post=3342"},{"taxonomy":"product_cat","embeddable":true,"href":"https:\/\/worldexport.com.vn\/fr\/wp-json\/wp\/v2\/product_cat?post=3342"},{"taxonomy":"product_tag","embeddable":true,"href":"https:\/\/worldexport.com.vn\/fr\/wp-json\/wp\/v2\/product_tag?post=3342"}],"curies":[{"name":"wp","href":"https:\/\/api.w.org\/{rel}","templated":true}]}}