{"id":3333,"date":"2025-09-13T20:28:19","date_gmt":"2025-09-13T13:28:19","guid":{"rendered":"https:\/\/worldexport.com.vn\/?post_type=product&#038;p=3333"},"modified":"2026-01-22T12:06:33","modified_gmt":"2026-01-22T05:06:33","slug":"sciure-de-bois-melangee","status":"publish","type":"product","link":"https:\/\/worldexport.com.vn\/fr\/produit\/bois\/sciure-de-bois\/sciure-de-bois-melangee\/","title":{"rendered":"Sciure de bois m\u00e9lang\u00e9e"},"content":{"rendered":"<p><span style=\"font-weight: 400;\">La sciure de bois m\u00e9lang\u00e9 est un mat\u00e9riau fin et tr\u00e8s absorbant, issu d&#039;un m\u00e9lange de bois de pin et d&#039;h\u00e9v\u00e9a. Sa texture et son pouvoir absorbant en font une solution \u00e9conomique pour diverses applications agricoles, notamment la liti\u00e8re hygi\u00e9nique pour le b\u00e9tail, ainsi que pour la pr\u00e9paration des sols et les travaux de plantation.<\/span><\/p>","protected":false},"excerpt":{"rendered":"<p>Essence de bois : Pin et h\u00e9v\u00e9a<br \/>\nTaille : 1 \u00e0 3 mm<br \/>\nHumidit\u00e9 : Max 12%<br \/>\nParticules fines : Max 2%<br \/>\nImpuret\u00e9s : Max 0,5%<br \/>\nCouleur : Lumineuse<\/p>","protected":false},"featured_media":9071,"comment_status":"open","ping_status":"closed","template":"","meta":{"_acf_changed":false},"applications":[],"product_brand":[],"product_cat":[49,15],"product_tag":[],"class_list":{"0":"post-3333","1":"product","2":"type-product","3":"status-publish","4":"has-post-thumbnail","6":"product_cat-wood-sawdust","7":"product_cat-wood","9":"first","10":"instock","11":"shipping-taxable","12":"product-type-simple"},"acf":[],"_links":{"self":[{"href":"https:\/\/worldexport.com.vn\/fr\/wp-json\/wp\/v2\/product\/3333","targetHints":{"allow":["GET"]}}],"collection":[{"href":"https:\/\/worldexport.com.vn\/fr\/wp-json\/wp\/v2\/product"}],"about":[{"href":"https:\/\/worldexport.com.vn\/fr\/wp-json\/wp\/v2\/types\/product"}],"replies":[{"embeddable":true,"href":"https:\/\/worldexport.com.vn\/fr\/wp-json\/wp\/v2\/comments?post=3333"}],"wp:featuredmedia":[{"embeddable":true,"href":"https:\/\/worldexport.com.vn\/fr\/wp-json\/wp\/v2\/media\/9071"}],"wp:attachment":[{"href":"https:\/\/worldexport.com.vn\/fr\/wp-json\/wp\/v2\/media?parent=3333"}],"wp:term":[{"taxonomy":"applications","embeddable":true,"href":"https:\/\/worldexport.com.vn\/fr\/wp-json\/wp\/v2\/applications?post=3333"},{"taxonomy":"product_brand","embeddable":true,"href":"https:\/\/worldexport.com.vn\/fr\/wp-json\/wp\/v2\/product_brand?post=3333"},{"taxonomy":"product_cat","embeddable":true,"href":"https:\/\/worldexport.com.vn\/fr\/wp-json\/wp\/v2\/product_cat?post=3333"},{"taxonomy":"product_tag","embeddable":true,"href":"https:\/\/worldexport.com.vn\/fr\/wp-json\/wp\/v2\/product_tag?post=3333"}],"curies":[{"name":"wp","href":"https:\/\/api.w.org\/{rel}","templated":true}]}}